{"id":53,"date":"2024-07-18T16:06:05","date_gmt":"2024-07-18T16:06:05","guid":{"rendered":"https:\/\/demo.casethemes.net\/medicross\/?page_id=53"},"modified":"2025-05-16T11:59:35","modified_gmt":"2025-05-16T11:59:35","slug":"nuestra-historia","status":"publish","type":"page","link":"https:\/\/pymultimedios.com\/tesai\/nuestra-historia\/","title":{"rendered":"Nuestra Historia"},"content":{"rendered":"\t\t<div data-elementor-type=\"wp-page\" data-elementor-id=\"53\" class=\"elementor elementor-53\" data-elementor-post-type=\"page\">\n\t\t\t\t        <section class=\"elementor-section elementor-top-section elementor-element elementor-element-2736a61 elementor-section-stretched elementor-section-boxed elementor-section-height-default elementor-section-height-default pxl-row-scroll-none pxl-zoom-point-false pxl-section-overflow-visible pxl-section-fix-none pxl-bg-color-none pxl-section-overlay-none\" data-id=\"2736a61\" data-element_type=\"section\" data-e-type=\"section\" data-settings=\"{&quot;stretch_section&quot;:&quot;section-stretched&quot;}\">\n\n                \n                <div class=\"elementor-container elementor-column-gap-extended \">\n                <div class=\"elementor-column elementor-col-100 elementor-top-column elementor-element elementor-element-56d9aa9 pxl-column-none\" data-id=\"56d9aa9\" data-element_type=\"column\" data-e-type=\"column\" data-settings=\"{&quot;background_background&quot;:&quot;classic&quot;}\">\r\n        <div class=\"elementor-widget-wrap elementor-element-populated\">\r\n                                <div class=\"elementor-background-overlay\"><\/div>\r\n         \r\n                <section class=\"elementor-section elementor-inner-section elementor-element elementor-element-0bab06f elementor-section-content-bottom elementor-section-boxed elementor-section-height-default elementor-section-height-default pxl-row-scroll-none pxl-zoom-point-false pxl-section-overflow-visible pxl-section-fix-none pxl-bg-color-none pxl-section-overlay-none\" data-id=\"0bab06f\" data-element_type=\"section\" data-e-type=\"section\">\n\n                \n                <div class=\"elementor-container elementor-column-gap-extended \">\n                <div class=\"elementor-column elementor-col-50 elementor-inner-column elementor-element elementor-element-9997538 pxl-column-none pxl-column-overflow-hidden-no\" data-id=\"9997538\" data-element_type=\"column\" data-e-type=\"column\">\r\n        <div class=\"elementor-widget-wrap elementor-element-populated\">\r\n                     \r\n        \t\t<div class=\"elementor-element elementor-element-cd0604b elementor-widget__width-auto elementor-widget elementor-widget-pxl_heading\" data-id=\"cd0604b\" data-element_type=\"widget\" data-e-type=\"widget\" data-widget_type=\"pxl_heading.default\">\n\t\t\t\t<div class=\"elementor-widget-container\">\n\t\t\t\t\t\n<div id=\"pxl-pxl_heading-cd0604b-6516\" class=\"pxl-heading px-sub-title-default-style \">\n\t<div class=\"pxl-heading--inner\">\n\t\t\n\t\t<h3 class=\"pxl-item--title style-default  highlight-default \" data-wow-delay=\"ms\">\n\t\t\t\t\tNuestra Historia\t\n\t\t\t\n\t\t<\/h3>\n\t\t\n\t<\/div>\n<\/div>\t\t\t\t<\/div>\n\t\t\t\t<\/div>\n\t\t            <\/div>\r\n        <\/div>\r\n                <div class=\"elementor-column elementor-col-50 elementor-inner-column elementor-element elementor-element-e364276 pxl-column-none pxl-column-overflow-hidden-no\" data-id=\"e364276\" data-element_type=\"column\" data-e-type=\"column\">\r\n        <div class=\"elementor-widget-wrap elementor-element-populated\">\r\n                     \r\n        \t\t<div class=\"elementor-element elementor-element-537544f elementor-widget__width-auto elementor-widget elementor-widget-pxl_breadcrumb\" data-id=\"537544f\" data-element_type=\"widget\" data-e-type=\"widget\" data-widget_type=\"pxl_breadcrumb.default\">\n\t\t\t\t<div class=\"elementor-widget-container\">\n\t\t\t\t\t<div class=\"pxl-breadcrumb-wrap\">\n\t<ul class=\"pxl-breadcrumb\"><li><span class=\"breadcrumb-entry\">Inicio<\/span><\/li><\/ul><\/div>\t\t\t\t<\/div>\n\t\t\t\t<\/div>\n\t\t            <\/div>\r\n        <\/div>\r\n        \t\t\t<\/div>\n\t\t<\/section>\n\t\t            <\/div>\r\n        <\/div>\r\n        \t\t\t<\/div>\n\t\t<\/section>\n\t\t        <section class=\"elementor-section elementor-top-section elementor-element elementor-element-8545adb elementor-section-stretched elementor-section-boxed elementor-section-height-default elementor-section-height-default pxl-row-scroll-none pxl-zoom-point-false pxl-section-overflow-visible pxl-section-fix-none pxl-bg-color-none pxl-section-overlay-none\" data-id=\"8545adb\" data-element_type=\"section\" data-e-type=\"section\" data-settings=\"{&quot;stretch_section&quot;:&quot;section-stretched&quot;}\">\n\n                \n                <div class=\"elementor-container elementor-column-gap-extended \">\n                <div class=\"elementor-column elementor-col-100 elementor-top-column elementor-element elementor-element-6781c9d pxl-column-none\" data-id=\"6781c9d\" data-element_type=\"column\" data-e-type=\"column\">\r\n        <div class=\"elementor-widget-wrap elementor-element-populated\">\r\n                                <div class=\"elementor-background-overlay\"><\/div>\r\n         \r\n                <section class=\"elementor-section elementor-inner-section elementor-element elementor-element-bfa58eb elementor-section-content-middle elementor-section-boxed elementor-section-height-default elementor-section-height-default pxl-row-scroll-none pxl-zoom-point-false pxl-section-overflow-visible pxl-section-fix-none pxl-bg-color-none pxl-section-overlay-none\" data-id=\"bfa58eb\" data-element_type=\"section\" data-e-type=\"section\">\n\n                \n                <div class=\"elementor-container elementor-column-gap-extended \">\n                <div class=\"elementor-column elementor-col-50 elementor-inner-column elementor-element elementor-element-d5732c1 pxl-column-none pxl-column-overflow-hidden-no\" data-id=\"d5732c1\" data-element_type=\"column\" data-e-type=\"column\">\r\n        <div class=\"elementor-widget-wrap elementor-element-populated\">\r\n                     \r\n        \t\t<div class=\"elementor-element elementor-element-e869110 elementor-widget elementor-widget-pxl_text_editor\" data-id=\"e869110\" data-element_type=\"widget\" data-e-type=\"widget\" data-widget_type=\"pxl_text_editor.default\">\n\t\t\t\t<div class=\"elementor-widget-container\">\n\t\t\t\t\t<div class=\"pxl-text-editor default\">\n\t<div class=\"pxl-item--inner  ft-gt\" data-wow-delay=\"ms\">\n\t\t<p>Contact us if you have any questions or concerns, if you are looking to make an appointment please request an appointment.<\/p>\t\t\n\t<\/div>\n<\/div>\t\t\t\t<\/div>\n\t\t\t\t<\/div>\n\t\t            <\/div>\r\n        <\/div>\r\n                <div class=\"elementor-column elementor-col-50 elementor-inner-column elementor-element elementor-element-38f9aa0 pxl-column-none pxl-column-overflow-hidden-no\" data-id=\"38f9aa0\" data-element_type=\"column\" data-e-type=\"column\">\r\n        <div class=\"elementor-widget-wrap elementor-element-populated\">\r\n                     \r\n        \t\t<div class=\"elementor-element elementor-element-65ad3b6 elementor-widget__width-auto ft-gt elementor-widget elementor-widget-pxl_icon_box\" data-id=\"65ad3b6\" data-element_type=\"widget\" data-e-type=\"widget\" data-widget_type=\"pxl_icon_box.default\">\n\t\t\t\t<div class=\"elementor-widget-container\">\n\t\t\t\t\t<div class=\"pxl-icon-box pxl-icon-box1 style-2 ani3 \" data-wow-delay=\"ms\">\r\n    <div class=\"pxl-item--inner\">\r\n        \r\n                            <div class=\"pxl-item--icon\">\r\n                                    <svg xmlns=\"http:\/\/www.w3.org\/2000\/svg\" width=\"32\" height=\"32\" fill=\"#000000\" viewBox=\"0 0 256 256\"><path d=\"M152,96V56a8,8,0,0,1,16,0V76.69l34.34-34.35a8,8,0,0,1,11.32,11.32L179.32,88H200a8,8,0,0,1,0,16H160A8,8,0,0,1,152,96Zm79.88,79.08A56.26,56.26,0,0,1,176,224C96.6,224,32,159.4,32,80A56.24,56.24,0,0,1,80.92,24.13a16,16,0,0,1,16.62,9.51l21.12,47.15,0,.12A16,16,0,0,1,117.39,96c-.18.27-.37.52-.57.77L96,121.45c7.49,15.22,23.41,31,38.83,38.51l24.34-20.71a8.12,8.12,0,0,1,.75-.56,16,16,0,0,1,15.17-1.4l.13.06,47.11,21.11A16,16,0,0,1,231.88,175.08Zm-15.88-2s-.07,0-.11,0h0l-47-21.05-24.35,20.71a6.84,6.84,0,0,1-.74.56,16,16,0,0,1-15.75,1.14c-18.73-9.05-37.4-27.58-46.46-46.11a16,16,0,0,1,1-15.7,6.13,6.13,0,0,1,.57-.77L104,87.15l-21-47a.61.61,0,0,1,0-.12A40.2,40.2,0,0,0,48,80,128.14,128.14,0,0,0,176,208,40.21,40.21,0,0,0,216,173.07Z\"><\/path><\/svg>                                <\/div>\r\n                        <div class=\"pxl-item--meta\">\r\n            <h5 class=\"pxl-item--title el-empty\">\r\n                        Call Us when you Need Help!                        <\/h5>\r\n            <div class=\"pxl-item--description el-empty\">24\/7 Support:  +1 800-123-1234<\/div>\r\n        <\/div>\r\n    <\/div>\r\n<\/div>\t\t\t\t<\/div>\n\t\t\t\t<\/div>\n\t\t            <\/div>\r\n        <\/div>\r\n        \t\t\t<\/div>\n\t\t<\/section>\n\t\t            <\/div>\r\n        <\/div>\r\n        \t\t\t<\/div>\n\t\t<\/section>\n\t\t        <section class=\"elementor-section elementor-top-section elementor-element elementor-element-d4e02b1 elementor-section-content-middle elementor-section-stretched elementor-section-boxed elementor-section-height-default elementor-section-height-default pxl-row-scroll-none pxl-zoom-point-false pxl-section-overflow-visible pxl-section-fix-none pxl-bg-color-none pxl-section-overlay-none\" data-id=\"d4e02b1\" data-element_type=\"section\" data-e-type=\"section\" data-settings=\"{&quot;stretch_section&quot;:&quot;section-stretched&quot;}\">\n\n                \n                <div class=\"elementor-container elementor-column-gap-extended \">\n                <div class=\"elementor-column elementor-col-50 elementor-top-column elementor-element elementor-element-a108f7e pxl-column-none pxl-column-overflow-hidden-no\" data-id=\"a108f7e\" data-element_type=\"column\" data-e-type=\"column\">\r\n        <div class=\"elementor-widget-wrap elementor-element-populated\">\r\n                     \r\n        \t\t<div class=\"elementor-element elementor-element-ce044f1 elementor-widget__width-auto elementor-widget elementor-widget-pxl_heading\" data-id=\"ce044f1\" data-element_type=\"widget\" data-e-type=\"widget\" data-widget_type=\"pxl_heading.default\">\n\t\t\t\t<div class=\"elementor-widget-container\">\n\t\t\t\t\t\n<div id=\"pxl-pxl_heading-ce044f1-3818\" class=\"pxl-heading px-sub-title-default-style \">\n\t<div class=\"pxl-heading--inner\">\n\t\t\n\t\t<h3 class=\"pxl-item--title style-default  highlight-default \" data-wow-delay=\"ms\">\n\t\t\t\t\tA\u00d1O <br>\n            <span class=\"pxl-title--highlight \">\n                1997             <\/span>\n        \t\n\t\t\t\n\t\t<\/h3>\n\t\t\n\t<\/div>\n<\/div>\t\t\t\t<\/div>\n\t\t\t\t<\/div>\n\t\t            <\/div>\r\n        <\/div>\r\n                <div class=\"elementor-column elementor-col-50 elementor-top-column elementor-element elementor-element-cfc826e pxl-column-none pxl-column-overflow-hidden-no\" data-id=\"cfc826e\" data-element_type=\"column\" data-e-type=\"column\">\r\n        <div class=\"elementor-widget-wrap elementor-element-populated\">\r\n                     \r\n        \t\t<div class=\"elementor-element elementor-element-2a96489 elementor-widget elementor-widget-pxl_text_editor\" data-id=\"2a96489\" data-element_type=\"widget\" data-e-type=\"widget\" data-widget_type=\"pxl_text_editor.default\">\n\t\t\t\t<div class=\"elementor-widget-container\">\n\t\t\t\t\t<div class=\"pxl-text-editor default\">\n\t<div class=\"pxl-item--inner  ft-gt\" data-wow-delay=\"ms\">\n\t\t<p><strong>La Fundaci\u00f3n Tes\u00e3i<\/strong> fue instituida por la ITAIPU Binacional mediante el <strong>decreto del Poder Ejecutivo N\u00b0 17.246<\/strong>, empezando a operar como <strong>Fundaci\u00f3n el 1 de Julio de 1997<\/strong>. Es una Entidad sin fines de lucro que tiene como objetivo principal la prestaci\u00f3n de servicios de asistencia m\u00e9dica, protecci\u00f3n y preservaci\u00f3n de la salud humana.<\/p>\t\t\n\t<\/div>\n<\/div>\t\t\t\t<\/div>\n\t\t\t\t<\/div>\n\t\t            <\/div>\r\n        <\/div>\r\n        \t\t\t<\/div>\n\t\t<\/section>\n\t\t        <section class=\"elementor-section elementor-top-section elementor-element elementor-element-e63fad3 elementor-section-stretched elementor-section-boxed elementor-section-height-default elementor-section-height-default pxl-row-scroll-none pxl-zoom-point-false pxl-section-overflow-visible pxl-section-fix-none pxl-bg-color-none pxl-section-overlay-none\" data-id=\"e63fad3\" data-element_type=\"section\" data-e-type=\"section\" data-settings=\"{&quot;stretch_section&quot;:&quot;section-stretched&quot;}\">\n\n                \n                <div class=\"elementor-container elementor-column-gap-extended \">\n                <div class=\"elementor-column elementor-col-100 elementor-top-column elementor-element elementor-element-c8ec804 pxl-column-none pxl-column-overflow-hidden-no\" data-id=\"c8ec804\" data-element_type=\"column\" data-e-type=\"column\">\r\n        <div class=\"elementor-widget-wrap elementor-element-populated\">\r\n                     \r\n        \t\t<div class=\"elementor-element elementor-element-1df479e elementor-widget-divider--view-line elementor-widget elementor-widget-divider\" data-id=\"1df479e\" data-element_type=\"widget\" data-e-type=\"widget\" data-widget_type=\"divider.default\">\n\t\t\t\t<div class=\"elementor-widget-container\">\n\t\t\t\t\t\t\t<div class=\"elementor-divider\">\n\t\t\t<span class=\"elementor-divider-separator\">\n\t\t\t\t\t\t<\/span>\n\t\t<\/div>\n\t\t\t\t\t\t<\/div>\n\t\t\t\t<\/div>\n\t\t            <\/div>\r\n        <\/div>\r\n        \t\t\t<\/div>\n\t\t<\/section>\n\t\t        <section class=\"elementor-section elementor-top-section elementor-element elementor-element-9f28064 elementor-section-stretched elementor-section-boxed elementor-section-height-default elementor-section-height-default pxl-row-scroll-none pxl-zoom-point-false pxl-section-overflow-visible pxl-section-fix-none pxl-bg-color-none pxl-section-overlay-none\" data-id=\"9f28064\" data-element_type=\"section\" data-e-type=\"section\" data-settings=\"{&quot;stretch_section&quot;:&quot;section-stretched&quot;}\">\n\n                \n                <div class=\"elementor-container elementor-column-gap-extended \">\n                <div class=\"elementor-column elementor-col-50 elementor-top-column elementor-element elementor-element-419605c pxl-column-none pxl-column-overflow-hidden-no\" data-id=\"419605c\" data-element_type=\"column\" data-e-type=\"column\">\r\n        <div class=\"elementor-widget-wrap elementor-element-populated\">\r\n                     \r\n        \t\t<div class=\"elementor-element elementor-element-4cb7975 elementor-widget elementor-widget-pxl_text_editor\" data-id=\"4cb7975\" data-element_type=\"widget\" data-e-type=\"widget\" data-widget_type=\"pxl_text_editor.default\">\n\t\t\t\t<div class=\"elementor-widget-container\">\n\t\t\t\t\t<div class=\"pxl-text-editor default\">\n\t<div class=\"pxl-item--inner  \" data-wow-delay=\"ms\">\n\t\t<p>El Hospital del \u00c1rea 2 de Ciudad del Este es el principal establecimiento de salud para la atenci\u00f3n a asegurados y beneficiarios de la Itaip\u00fa, usuarios de medicina prepaga y la poblaci\u00f3n en general que acceden a sus servicios.<\/p>\t\t\n\t<\/div>\n<\/div>\t\t\t\t<\/div>\n\t\t\t\t<\/div>\n\t\t\t\t<div class=\"elementor-element elementor-element-19cecca elementor-widget elementor-widget-pxl_heading\" data-id=\"19cecca\" data-element_type=\"widget\" data-e-type=\"widget\" data-widget_type=\"pxl_heading.default\">\n\t\t\t\t<div class=\"elementor-widget-container\">\n\t\t\t\t\t\n<div id=\"pxl-pxl_heading-19cecca-9304\" class=\"pxl-heading px-sub-title-default-style \">\n\t<div class=\"pxl-heading--inner\">\n\t\t\n\t\t<h3 class=\"pxl-item--title style-default  highlight-default \" data-wow-delay=\"ms\">\n\t\t\t\t\tApuntamos\u2026\t\n\t\t\t\n\t\t<\/h3>\n\t\t\n\t<\/div>\n<\/div>\t\t\t\t<\/div>\n\t\t\t\t<\/div>\n\t\t\t\t<div class=\"elementor-element elementor-element-9532e20 elementor-widget elementor-widget-pxl_text_editor\" data-id=\"9532e20\" data-element_type=\"widget\" data-e-type=\"widget\" data-widget_type=\"pxl_text_editor.default\">\n\t\t\t\t<div class=\"elementor-widget-container\">\n\t\t\t\t\t<div class=\"pxl-text-editor default\">\n\t<div class=\"pxl-item--inner  \" data-wow-delay=\"ms\">\n\t\t<p>A un modelo de gesti\u00f3n basado en ejes de transparencia y eficiencia permite a la Fundaci\u00f3n Tes\u00e3i impulsar un ambicioso proceso de modernizaci\u00f3n e innovaci\u00f3n, con el fortalecimiento de servicios en todos los niveles, contrataci\u00f3n de especialistas, adquisici\u00f3n de equipamientos biom\u00e9dicos con tecnolog\u00eda de avanzada, ejecutando todo un plan estrat\u00e9gico de inversiones por etapas, logrando el equilibrio financiero, t\u00e9cnico y administrativo para seguir encarando proyectos de alto impacto social en la regi\u00f3n.<\/p>\t\t\n\t<\/div>\n<\/div>\t\t\t\t<\/div>\n\t\t\t\t<\/div>\n\t\t            <\/div>\r\n        <\/div>\r\n                <div class=\"elementor-column elementor-col-50 elementor-top-column elementor-element elementor-element-8a810f2 pxl-column-none pxl-column-overflow-hidden-no\" data-id=\"8a810f2\" data-element_type=\"column\" data-e-type=\"column\">\r\n        <div class=\"elementor-widget-wrap elementor-element-populated\">\r\n                     \r\n        \t\t<div class=\"elementor-element elementor-element-9e5e225 elementor-widget elementor-widget-pxl_image\" data-id=\"9e5e225\" data-element_type=\"widget\" data-e-type=\"widget\" data-settings=\"{&quot;_animation_tablet&quot;:&quot;none&quot;}\" data-widget_type=\"pxl_image.default\">\n\t\t\t\t<div class=\"elementor-widget-container\">\n\t\t\t\t\t<div id=\"pxl_image-9e5e225-4627\" class=\"pxl-image-single  pxl-disable-parallax-sm pxl-hide-sr-lg  wow zoomOut\" data-wow-delay=\"ms\"  >\r\n    <div class=\"pxl-item--inner\" data-wow-delay=\"120ms\">\r\n        \r\n                    <div class=\"pxl-item--image \" data-parallax-value=\"\">\r\n                                <img fetchpriority=\"high\" decoding=\"async\" width=\"1000\" height=\"750\" src=\"https:\/\/pymultimedios.com\/tesai\/wp-content\/uploads\/2024\/12\/WhatsApp-Image-2024-12-27-at-13.03.25.jpeg\" class=\"no-lazyload attachment-full\" alt=\"\" \/>                            <\/div>\r\n                \r\n    <\/div>\r\n<\/div>\t\t\t\t<\/div>\n\t\t\t\t<\/div>\n\t\t            <\/div>\r\n        <\/div>\r\n        \t\t\t<\/div>\n\t\t<\/section>\n\t\t        <section class=\"elementor-section elementor-top-section elementor-element elementor-element-aa669f0 elementor-section-stretched elementor-section-boxed elementor-section-height-default elementor-section-height-default pxl-row-scroll-none pxl-zoom-point-false pxl-section-overflow-visible pxl-section-fix-none pxl-bg-color-none pxl-section-overlay-none\" data-id=\"aa669f0\" data-element_type=\"section\" data-e-type=\"section\" data-settings=\"{&quot;stretch_section&quot;:&quot;section-stretched&quot;}\">\n\n                \n                <div class=\"elementor-container elementor-column-gap-extended \">\n                <div class=\"elementor-column elementor-col-100 elementor-top-column elementor-element elementor-element-cc3e117 pxl-column-none pxl-column-overflow-hidden-no\" data-id=\"cc3e117\" data-element_type=\"column\" data-e-type=\"column\" data-settings=\"{&quot;background_background&quot;:&quot;classic&quot;}\">\r\n        <div class=\"elementor-widget-wrap elementor-element-populated\">\r\n                     \r\n                <section class=\"elementor-section elementor-inner-section elementor-element elementor-element-9165af5 elementor-section-boxed elementor-section-height-default elementor-section-height-default pxl-row-scroll-none pxl-zoom-point-false pxl-section-overflow-visible pxl-section-fix-none pxl-bg-color-none pxl-section-overlay-none\" data-id=\"9165af5\" data-element_type=\"section\" data-e-type=\"section\">\n\n                \n                <div class=\"elementor-container elementor-column-gap-extended \">\n                <div class=\"elementor-column elementor-col-100 elementor-inner-column elementor-element elementor-element-d9097dc pxl-column-none pxl-column-overflow-hidden-no\" data-id=\"d9097dc\" data-element_type=\"column\" data-e-type=\"column\">\r\n        <div class=\"elementor-widget-wrap elementor-element-populated\">\r\n                     \r\n        \t\t<div class=\"elementor-element elementor-element-3389cba elementor-widget elementor-widget-pxl_heading\" data-id=\"3389cba\" data-element_type=\"widget\" data-e-type=\"widget\" data-widget_type=\"pxl_heading.default\">\n\t\t\t\t<div class=\"elementor-widget-container\">\n\t\t\t\t\t\n<div id=\"pxl-pxl_heading-3389cba-2453\" class=\"pxl-heading px-sub-title-default-style \">\n\t<div class=\"pxl-heading--inner\">\n\t\t\n\t\t<h3 class=\"pxl-item--title style-default  highlight-default \" data-wow-delay=\"ms\">\n\t\t\t\t\tNuestro Timeline de la Fundaci\u00f3n\t\n\t\t\t\n\t\t<\/h3>\n\t\t\n\t<\/div>\n<\/div>\t\t\t\t<\/div>\n\t\t\t\t<\/div>\n\t\t\t\t<div class=\"elementor-element elementor-element-e53befe elementor-widget__width-initial elementor-widget elementor-widget-pxl_history\" data-id=\"e53befe\" data-element_type=\"widget\" data-e-type=\"widget\" data-widget_type=\"pxl_history.default\">\n\t\t\t\t<div class=\"elementor-widget-container\">\n\t\t\t\t\t<div class=\"pxl-history\">\r\n            <div class=\"pxl-year\">\r\n            <span class=\"scroll-back\" ><i class=\"flaticon-next\" style=\"transform:scalex(-1);\"><\/i><\/span>\r\n            <div class=\"pxl-wrap-date\">\r\n                                                   <span class=\"pxl-item-date item-1\">\r\n                    1978 - 1994                <\/span>\r\n                               <span class=\"pxl-item-date item-2\">\r\n                    1997                <\/span>\r\n                               <span class=\"pxl-item-date item-3\">\r\n                    2010 - 2024                <\/span>\r\n                    <\/div>\r\n        <span class=\"scroll-next\"><i class=\"flaticon-next\"><\/i><\/span>\r\n    <\/div>\r\n    <div class=\"pxl-content\">\r\n                            <div class=\"entry-body item-1 \">\r\n                                    <div class=\"pxl-item--image \" >\r\n                        <img decoding=\"async\" width=\"460\" height=\"307\" src=\"https:\/\/pymultimedios.com\/tesai\/wp-content\/uploads\/2025\/03\/descarga.jpg\" class=\"no-lazyload attachment-full\" alt=\"\" \/>                    <\/div>\r\n                                <div class=\"wrap-content \">\r\n                    <h4 class=\"title\">El Hospital del area 2 <\/h4>\r\n                    <div class=\"desc\">Entre los a\u00f1os 1978 a 1994 el Hospital del \u00c1rea 2 estuvo a cargo de la empresa Conempa.<\/div>\r\n                <\/div>\r\n            <\/div>\r\n                    <div class=\"entry-body item-2 \">\r\n                                    <div class=\"pxl-item--image \" >\r\n                        <img decoding=\"async\" width=\"460\" height=\"307\" src=\"https:\/\/pymultimedios.com\/tesai\/wp-content\/uploads\/2025\/03\/descarga.jpg\" class=\"no-lazyload attachment-full\" alt=\"\" \/>                    <\/div>\r\n                                <div class=\"wrap-content \">\r\n                    <h4 class=\"title\">Decreto Presidencial <\/h4>\r\n                    <div class=\"desc\">La Fundaci\u00f3n TES\u00c3I administra desde el a\u00f1o 1997<\/div>\r\n                <\/div>\r\n            <\/div>\r\n                    <div class=\"entry-body item-3 \">\r\n                                    <div class=\"pxl-item--image \" >\r\n                        <img decoding=\"async\" width=\"541\" height=\"361\" src=\"https:\/\/pymultimedios.com\/tesai\/wp-content\/uploads\/2024\/10\/hh.jpg\" class=\"no-lazyload attachment-full\" alt=\"\" \/>                    <\/div>\r\n                                <div class=\"wrap-content \">\r\n                    <h4 class=\"title\">Hospital formally opened on 24th September<\/h4>\r\n                    <div class=\"desc\">Lorem ipsum dolor sit amet, consectetur adipiscing elit. Curabitur suscipit dolor vulputate odio gravida, non eleifend quam fringilla. Pellentesque habitant morbi tristique senectus et netus et malesuada fames ac turpis egestas.\n<ul>\n\t<li>Suspendisse lectus nisi, laoreet id venenatis eget<\/li>\n\t<li>Praesent consequat odio at sapien molestie, vitae egestas ex cursus<\/li>\n<\/ul>\nPellentesque habitant morbi tristique senectus et netus et malesuada. Cras in\n imperdiet magna, eu commodo lorem. Aliquam metus mi, tempus.<\/div>\r\n                <\/div>\r\n            <\/div>\r\n            <\/div>\r\n<\/div>\r\n\t\t\t\t<\/div>\n\t\t\t\t<\/div>\n\t\t            <\/div>\r\n        <\/div>\r\n        \t\t\t<\/div>\n\t\t<\/section>\n\t\t            <\/div>\r\n        <\/div>\r\n        \t\t\t<\/div>\n\t\t<\/section>\n\t\t\t\t<\/div>\n\t\t","protected":false},"excerpt":{"rendered":"<p>Nuestra Historia Inicio Contact us if you have any questions or concerns, if you are looking to make an appointment please request an appointment. Call Us when you Need Help! 24\/7 Support: +1 800-123-1234 A\u00d1O 1997 La Fundaci\u00f3n Tes\u00e3i fue instituida por la ITAIPU Binacional mediante el decreto del Poder Ejecutivo N\u00b0 17.246, empezando a [&hellip;]<\/p>\n","protected":false},"author":2,"featured_media":0,"parent":0,"menu_order":0,"comment_status":"closed","ping_status":"closed","template":"","meta":{"footnotes":""},"class_list":["post-53","page","type-page","status-publish","hentry"],"_links":{"self":[{"href":"https:\/\/pymultimedios.com\/tesai\/wp-json\/wp\/v2\/pages\/53","targetHints":{"allow":["GET"]}}],"collection":[{"href":"https:\/\/pymultimedios.com\/tesai\/wp-json\/wp\/v2\/pages"}],"about":[{"href":"https:\/\/pymultimedios.com\/tesai\/wp-json\/wp\/v2\/types\/page"}],"author":[{"embeddable":true,"href":"https:\/\/pymultimedios.com\/tesai\/wp-json\/wp\/v2\/users\/2"}],"replies":[{"embeddable":true,"href":"https:\/\/pymultimedios.com\/tesai\/wp-json\/wp\/v2\/comments?post=53"}],"version-history":[{"count":16,"href":"https:\/\/pymultimedios.com\/tesai\/wp-json\/wp\/v2\/pages\/53\/revisions"}],"predecessor-version":[{"id":10990,"href":"https:\/\/pymultimedios.com\/tesai\/wp-json\/wp\/v2\/pages\/53\/revisions\/10990"}],"wp:attachment":[{"href":"https:\/\/pymultimedios.com\/tesai\/wp-json\/wp\/v2\/media?parent=53"}],"curies":[{"name":"wp","href":"https:\/\/api.w.org\/{rel}","templated":true}]}}